{"id":2458,"date":"2020-04-14T15:22:14","date_gmt":"2020-04-14T13:22:14","guid":{"rendered":"https:\/\/grupalfamedic.com\/producte\/pack-rev-urologia\/"},"modified":"2025-05-03T14:06:54","modified_gmt":"2025-05-03T12:06:54","slug":"pack-rev-urologia","status":"publish","type":"product","link":"https:\/\/grupalfamedic.com\/es\/producte\/pack-rev-urologia\/","title":{"rendered":"PACK RV UROLOG\u00cdA"},"content":{"rendered":"<p>Revisi\u00f3n Urol\u00f3gica anual que incluye Visita + Exploraci\u00f3n f\u00edsica + Ecograf\u00eda<\/p>\n","protected":false},"excerpt":{"rendered":"<p>Revisi\u00f3n Urol\u00f3gica anual que incluye Visita + Exploraci\u00f3n f\u00edsica + Ecograf\u00eda<\/p>\n","protected":false},"featured_media":2460,"comment_status":"open","ping_status":"closed","template":"","meta":{"_et_pb_use_builder":"","_et_pb_old_content":"","_et_gb_content_width":""},"product_brand":[],"product_cat":[39],"product_tag":[],"class_list":{"0":"post-2458","1":"product","2":"type-product","3":"status-publish","4":"has-post-thumbnail","6":"product_cat-sense-categoria-es","8":"first","9":"instock","10":"purchasable","11":"product-type-simple"},"yoast_head":"<!-- This site is optimized with the Yoast SEO plugin v24.3 - https:\/\/yoast.com\/wordpress\/plugins\/seo\/ -->\n<title>PACK RV UROLOG\u00cdA - Alfamedic<\/title>\n<meta name=\"robots\" content=\"index, follow, max-snippet:-1, max-image-preview:large, max-video-preview:-1\" \/>\n<link rel=\"canonical\" href=\"https:\/\/grupalfamedic.com\/es\/producte\/pack-rev-urologia\/\" \/>\n<meta property=\"og:locale\" content=\"es_ES\" \/>\n<meta property=\"og:type\" content=\"article\" \/>\n<meta property=\"og:title\" content=\"PACK RV UROLOG\u00cdA - Alfamedic\" \/>\n<meta property=\"og:description\" content=\"Revisi\u00f3n Urol\u00f3gica anual que incluye Visita + Exploraci\u00f3n f\u00edsica + Ecograf\u00eda\" \/>\n<meta property=\"og:url\" content=\"https:\/\/grupalfamedic.com\/es\/producte\/pack-rev-urologia\/\" \/>\n<meta property=\"og:site_name\" content=\"Alfamedic\" \/>\n<meta property=\"article:modified_time\" content=\"2025-05-03T12:06:54+00:00\" \/>\n<meta property=\"og:image\" content=\"https:\/\/grupalfamedic.com\/wp-content\/uploads\/2020\/04\/urologia-2.jpg\" \/>\n\t<meta property=\"og:image:width\" content=\"512\" \/>\n\t<meta property=\"og:image:height\" content=\"512\" \/>\n\t<meta property=\"og:image:type\" content=\"image\/jpeg\" \/>\n<meta name=\"twitter:card\" content=\"summary_large_image\" \/>\n<script type=\"application\/ld+json\" class=\"yoast-schema-graph\">{\"@context\":\"https:\/\/schema.org\",\"@graph\":[{\"@type\":\"WebPage\",\"@id\":\"https:\/\/grupalfamedic.com\/es\/producte\/pack-rev-urologia\/\",\"url\":\"https:\/\/grupalfamedic.com\/es\/producte\/pack-rev-urologia\/\",\"name\":\"PACK RV UROLOG\u00cdA - Alfamedic\",\"isPartOf\":{\"@id\":\"https:\/\/grupalfamedic.com\/#website\"},\"primaryImageOfPage\":{\"@id\":\"https:\/\/grupalfamedic.com\/es\/producte\/pack-rev-urologia\/#primaryimage\"},\"image\":{\"@id\":\"https:\/\/grupalfamedic.com\/es\/producte\/pack-rev-urologia\/#primaryimage\"},\"thumbnailUrl\":\"https:\/\/grupalfamedic.com\/wp-content\/uploads\/2020\/04\/urologia-2.jpg\",\"datePublished\":\"2020-04-14T13:22:14+00:00\",\"dateModified\":\"2025-05-03T12:06:54+00:00\",\"breadcrumb\":{\"@id\":\"https:\/\/grupalfamedic.com\/es\/producte\/pack-rev-urologia\/#breadcrumb\"},\"inLanguage\":\"es\",\"potentialAction\":[{\"@type\":\"ReadAction\",\"target\":[\"https:\/\/grupalfamedic.com\/es\/producte\/pack-rev-urologia\/\"]}]},{\"@type\":\"ImageObject\",\"inLanguage\":\"es\",\"@id\":\"https:\/\/grupalfamedic.com\/es\/producte\/pack-rev-urologia\/#primaryimage\",\"url\":\"https:\/\/grupalfamedic.com\/wp-content\/uploads\/2020\/04\/urologia-2.jpg\",\"contentUrl\":\"https:\/\/grupalfamedic.com\/wp-content\/uploads\/2020\/04\/urologia-2.jpg\",\"width\":512,\"height\":512},{\"@type\":\"BreadcrumbList\",\"@id\":\"https:\/\/grupalfamedic.com\/es\/producte\/pack-rev-urologia\/#breadcrumb\",\"itemListElement\":[{\"@type\":\"ListItem\",\"position\":1,\"name\":\"Inici\",\"item\":\"https:\/\/grupalfamedic.com\/\"},{\"@type\":\"ListItem\",\"position\":2,\"name\":\"Productes\",\"item\":\"https:\/\/grupalfamedic.com\/shop\/\"},{\"@type\":\"ListItem\",\"position\":3,\"name\":\"PACK RV UROLOG\u00cdA\"}]},{\"@type\":\"WebSite\",\"@id\":\"https:\/\/grupalfamedic.com\/#website\",\"url\":\"https:\/\/grupalfamedic.com\/\",\"name\":\"Alfamedic\",\"description\":\"Cuidem de tu\",\"publisher\":{\"@id\":\"https:\/\/grupalfamedic.com\/#organization\"},\"potentialAction\":[{\"@type\":\"SearchAction\",\"target\":{\"@type\":\"EntryPoint\",\"urlTemplate\":\"https:\/\/grupalfamedic.com\/?s={search_term_string}\"},\"query-input\":{\"@type\":\"PropertyValueSpecification\",\"valueRequired\":true,\"valueName\":\"search_term_string\"}}],\"inLanguage\":\"es\"},{\"@type\":\"Organization\",\"@id\":\"https:\/\/grupalfamedic.com\/#organization\",\"name\":\"Grup Alfa M\u00e8dic\",\"url\":\"https:\/\/grupalfamedic.com\/\",\"logo\":{\"@type\":\"ImageObject\",\"inLanguage\":\"es\",\"@id\":\"https:\/\/grupalfamedic.com\/#\/schema\/logo\/image\/\",\"url\":\"https:\/\/grupalfamedic.com\/wp-content\/uploads\/2020\/06\/ms-icon-310x310-1.png\",\"contentUrl\":\"https:\/\/grupalfamedic.com\/wp-content\/uploads\/2020\/06\/ms-icon-310x310-1.png\",\"width\":310,\"height\":310,\"caption\":\"Grup Alfa M\u00e8dic\"},\"image\":{\"@id\":\"https:\/\/grupalfamedic.com\/#\/schema\/logo\/image\/\"}}]}<\/script>\n<!-- \/ Yoast SEO plugin. -->","yoast_head_json":{"title":"PACK RV UROLOG\u00cdA - Alfamedic","robots":{"index":"index","follow":"follow","max-snippet":"max-snippet:-1","max-image-preview":"max-image-preview:large","max-video-preview":"max-video-preview:-1"},"canonical":"https:\/\/grupalfamedic.com\/es\/producte\/pack-rev-urologia\/","og_locale":"es_ES","og_type":"article","og_title":"PACK RV UROLOG\u00cdA - Alfamedic","og_description":"Revisi\u00f3n Urol\u00f3gica anual que incluye Visita + Exploraci\u00f3n f\u00edsica + Ecograf\u00eda","og_url":"https:\/\/grupalfamedic.com\/es\/producte\/pack-rev-urologia\/","og_site_name":"Alfamedic","article_modified_time":"2025-05-03T12:06:54+00:00","og_image":[{"width":512,"height":512,"url":"https:\/\/grupalfamedic.com\/wp-content\/uploads\/2020\/04\/urologia-2.jpg","type":"image\/jpeg"}],"twitter_card":"summary_large_image","schema":{"@context":"https:\/\/schema.org","@graph":[{"@type":"WebPage","@id":"https:\/\/grupalfamedic.com\/es\/producte\/pack-rev-urologia\/","url":"https:\/\/grupalfamedic.com\/es\/producte\/pack-rev-urologia\/","name":"PACK RV UROLOG\u00cdA - Alfamedic","isPartOf":{"@id":"https:\/\/grupalfamedic.com\/#website"},"primaryImageOfPage":{"@id":"https:\/\/grupalfamedic.com\/es\/producte\/pack-rev-urologia\/#primaryimage"},"image":{"@id":"https:\/\/grupalfamedic.com\/es\/producte\/pack-rev-urologia\/#primaryimage"},"thumbnailUrl":"https:\/\/grupalfamedic.com\/wp-content\/uploads\/2020\/04\/urologia-2.jpg","datePublished":"2020-04-14T13:22:14+00:00","dateModified":"2025-05-03T12:06:54+00:00","breadcrumb":{"@id":"https:\/\/grupalfamedic.com\/es\/producte\/pack-rev-urologia\/#breadcrumb"},"inLanguage":"es","potentialAction":[{"@type":"ReadAction","target":["https:\/\/grupalfamedic.com\/es\/producte\/pack-rev-urologia\/"]}]},{"@type":"ImageObject","inLanguage":"es","@id":"https:\/\/grupalfamedic.com\/es\/producte\/pack-rev-urologia\/#primaryimage","url":"https:\/\/grupalfamedic.com\/wp-content\/uploads\/2020\/04\/urologia-2.jpg","contentUrl":"https:\/\/grupalfamedic.com\/wp-content\/uploads\/2020\/04\/urologia-2.jpg","width":512,"height":512},{"@type":"BreadcrumbList","@id":"https:\/\/grupalfamedic.com\/es\/producte\/pack-rev-urologia\/#breadcrumb","itemListElement":[{"@type":"ListItem","position":1,"name":"Inici","item":"https:\/\/grupalfamedic.com\/"},{"@type":"ListItem","position":2,"name":"Productes","item":"https:\/\/grupalfamedic.com\/shop\/"},{"@type":"ListItem","position":3,"name":"PACK RV UROLOG\u00cdA"}]},{"@type":"WebSite","@id":"https:\/\/grupalfamedic.com\/#website","url":"https:\/\/grupalfamedic.com\/","name":"Alfamedic","description":"Cuidem de tu","publisher":{"@id":"https:\/\/grupalfamedic.com\/#organization"},"potentialAction":[{"@type":"SearchAction","target":{"@type":"EntryPoint","urlTemplate":"https:\/\/grupalfamedic.com\/?s={search_term_string}"},"query-input":{"@type":"PropertyValueSpecification","valueRequired":true,"valueName":"search_term_string"}}],"inLanguage":"es"},{"@type":"Organization","@id":"https:\/\/grupalfamedic.com\/#organization","name":"Grup Alfa M\u00e8dic","url":"https:\/\/grupalfamedic.com\/","logo":{"@type":"ImageObject","inLanguage":"es","@id":"https:\/\/grupalfamedic.com\/#\/schema\/logo\/image\/","url":"https:\/\/grupalfamedic.com\/wp-content\/uploads\/2020\/06\/ms-icon-310x310-1.png","contentUrl":"https:\/\/grupalfamedic.com\/wp-content\/uploads\/2020\/06\/ms-icon-310x310-1.png","width":310,"height":310,"caption":"Grup Alfa M\u00e8dic"},"image":{"@id":"https:\/\/grupalfamedic.com\/#\/schema\/logo\/image\/"}}]}},"_links":{"self":[{"href":"https:\/\/grupalfamedic.com\/es\/wp-json\/wp\/v2\/product\/2458","targetHints":{"allow":["GET"]}}],"collection":[{"href":"https:\/\/grupalfamedic.com\/es\/wp-json\/wp\/v2\/product"}],"about":[{"href":"https:\/\/grupalfamedic.com\/es\/wp-json\/wp\/v2\/types\/product"}],"replies":[{"embeddable":true,"href":"https:\/\/grupalfamedic.com\/es\/wp-json\/wp\/v2\/comments?post=2458"}],"wp:featuredmedia":[{"embeddable":true,"href":"https:\/\/grupalfamedic.com\/es\/wp-json\/wp\/v2\/media\/2460"}],"wp:attachment":[{"href":"https:\/\/grupalfamedic.com\/es\/wp-json\/wp\/v2\/media?parent=2458"}],"wp:term":[{"taxonomy":"product_brand","embeddable":true,"href":"https:\/\/grupalfamedic.com\/es\/wp-json\/wp\/v2\/product_brand?post=2458"},{"taxonomy":"product_cat","embeddable":true,"href":"https:\/\/grupalfamedic.com\/es\/wp-json\/wp\/v2\/product_cat?post=2458"},{"taxonomy":"product_tag","embeddable":true,"href":"https:\/\/grupalfamedic.com\/es\/wp-json\/wp\/v2\/product_tag?post=2458"}],"curies":[{"name":"wp","href":"https:\/\/api.w.org\/{rel}","templated":true}]}}