{"id":2454,"date":"2020-05-12T12:39:30","date_gmt":"2020-05-12T10:39:30","guid":{"rendered":"https:\/\/grupalfamedic.com\/producte\/pruebas-de-covid-19-serologia\/"},"modified":"2020-05-12T12:39:30","modified_gmt":"2020-05-12T10:39:30","slug":"pruebas-de-covid-19-serologia","status":"publish","type":"product","link":"https:\/\/grupalfamedic.com\/es\/producte\/pruebas-de-covid-19-serologia\/","title":{"rendered":"PRUEBAS DE COVID-19 (SEROLOG\u00cdA)"},"content":{"rendered":"<p>La prueba de serolog\u00eda cuantitativa se realiza para detectar niveles de IG-G y IG-M en sangre.<br \/>\nMediante esta pr\u00e1ctica podemos saber si se ha pasado la enfermedad por lo tanto si hemos generado anticuerpos o si la tenemos en el momento.<\/p>\n","protected":false},"excerpt":{"rendered":"<p>La prueba de serolog\u00eda cuantitativa se realiza para detectar niveles de IG-G y IG-M en sangre. Mediante esta pr\u00e1ctica podemos saber si se ha pasado la enfermedad por lo tanto si hemos generado anticuerpos o si la tenemos en el momento.<\/p>\n","protected":false},"featured_media":2455,"comment_status":"closed","ping_status":"closed","template":"","meta":{"_et_pb_use_builder":"","_et_pb_old_content":"","_et_gb_content_width":""},"product_brand":[],"product_cat":[39],"product_tag":[],"class_list":{"0":"post-2454","1":"product","2":"type-product","3":"status-publish","4":"has-post-thumbnail","6":"product_cat-sense-categoria-es","8":"first","9":"instock","10":"purchasable","11":"product-type-simple"},"yoast_head":"<!-- This site is optimized with the Yoast SEO plugin v24.3 - https:\/\/yoast.com\/wordpress\/plugins\/seo\/ -->\n<title>PRUEBAS DE COVID-19 (SEROLOG\u00cdA) - Alfamedic<\/title>\n<meta name=\"robots\" content=\"index, follow, max-snippet:-1, max-image-preview:large, max-video-preview:-1\" \/>\n<link rel=\"canonical\" href=\"https:\/\/grupalfamedic.com\/es\/producte\/pruebas-de-covid-19-serologia\/\" \/>\n<meta property=\"og:locale\" content=\"es_ES\" \/>\n<meta property=\"og:type\" content=\"article\" \/>\n<meta property=\"og:title\" content=\"PRUEBAS DE COVID-19 (SEROLOG\u00cdA) - Alfamedic\" \/>\n<meta property=\"og:description\" content=\"La prueba de serolog\u00eda cuantitativa se realiza para detectar niveles de IG-G y IG-M en sangre. Mediante esta pr\u00e1ctica podemos saber si se ha pasado la enfermedad por lo tanto si hemos generado anticuerpos o si la tenemos en el momento.\" \/>\n<meta property=\"og:url\" content=\"https:\/\/grupalfamedic.com\/es\/producte\/pruebas-de-covid-19-serologia\/\" \/>\n<meta property=\"og:site_name\" content=\"Alfamedic\" \/>\n<meta property=\"og:image\" content=\"https:\/\/grupalfamedic.com\/wp-content\/uploads\/2020\/05\/serologia.jpg\" \/>\n\t<meta property=\"og:image:width\" content=\"512\" \/>\n\t<meta property=\"og:image:height\" content=\"512\" \/>\n\t<meta property=\"og:image:type\" content=\"image\/jpeg\" \/>\n<meta name=\"twitter:card\" content=\"summary_large_image\" \/>\n<script type=\"application\/ld+json\" class=\"yoast-schema-graph\">{\"@context\":\"https:\/\/schema.org\",\"@graph\":[{\"@type\":\"WebPage\",\"@id\":\"https:\/\/grupalfamedic.com\/es\/producte\/pruebas-de-covid-19-serologia\/\",\"url\":\"https:\/\/grupalfamedic.com\/es\/producte\/pruebas-de-covid-19-serologia\/\",\"name\":\"PRUEBAS DE COVID-19 (SEROLOG\u00cdA) - Alfamedic\",\"isPartOf\":{\"@id\":\"https:\/\/grupalfamedic.com\/#website\"},\"primaryImageOfPage\":{\"@id\":\"https:\/\/grupalfamedic.com\/es\/producte\/pruebas-de-covid-19-serologia\/#primaryimage\"},\"image\":{\"@id\":\"https:\/\/grupalfamedic.com\/es\/producte\/pruebas-de-covid-19-serologia\/#primaryimage\"},\"thumbnailUrl\":\"https:\/\/grupalfamedic.com\/wp-content\/uploads\/2020\/05\/serologia.jpg\",\"datePublished\":\"2020-05-12T10:39:30+00:00\",\"dateModified\":\"2020-05-12T10:39:30+00:00\",\"breadcrumb\":{\"@id\":\"https:\/\/grupalfamedic.com\/es\/producte\/pruebas-de-covid-19-serologia\/#breadcrumb\"},\"inLanguage\":\"es\",\"potentialAction\":[{\"@type\":\"ReadAction\",\"target\":[\"https:\/\/grupalfamedic.com\/es\/producte\/pruebas-de-covid-19-serologia\/\"]}]},{\"@type\":\"ImageObject\",\"inLanguage\":\"es\",\"@id\":\"https:\/\/grupalfamedic.com\/es\/producte\/pruebas-de-covid-19-serologia\/#primaryimage\",\"url\":\"https:\/\/grupalfamedic.com\/wp-content\/uploads\/2020\/05\/serologia.jpg\",\"contentUrl\":\"https:\/\/grupalfamedic.com\/wp-content\/uploads\/2020\/05\/serologia.jpg\",\"width\":512,\"height\":512},{\"@type\":\"BreadcrumbList\",\"@id\":\"https:\/\/grupalfamedic.com\/es\/producte\/pruebas-de-covid-19-serologia\/#breadcrumb\",\"itemListElement\":[{\"@type\":\"ListItem\",\"position\":1,\"name\":\"Inici\",\"item\":\"https:\/\/grupalfamedic.com\/\"},{\"@type\":\"ListItem\",\"position\":2,\"name\":\"Productes\",\"item\":\"https:\/\/grupalfamedic.com\/shop\/\"},{\"@type\":\"ListItem\",\"position\":3,\"name\":\"PRUEBAS DE COVID-19 (SEROLOG\u00cdA)\"}]},{\"@type\":\"WebSite\",\"@id\":\"https:\/\/grupalfamedic.com\/#website\",\"url\":\"https:\/\/grupalfamedic.com\/\",\"name\":\"Alfamedic\",\"description\":\"Cuidem de tu\",\"publisher\":{\"@id\":\"https:\/\/grupalfamedic.com\/#organization\"},\"potentialAction\":[{\"@type\":\"SearchAction\",\"target\":{\"@type\":\"EntryPoint\",\"urlTemplate\":\"https:\/\/grupalfamedic.com\/?s={search_term_string}\"},\"query-input\":{\"@type\":\"PropertyValueSpecification\",\"valueRequired\":true,\"valueName\":\"search_term_string\"}}],\"inLanguage\":\"es\"},{\"@type\":\"Organization\",\"@id\":\"https:\/\/grupalfamedic.com\/#organization\",\"name\":\"Grup Alfa M\u00e8dic\",\"url\":\"https:\/\/grupalfamedic.com\/\",\"logo\":{\"@type\":\"ImageObject\",\"inLanguage\":\"es\",\"@id\":\"https:\/\/grupalfamedic.com\/#\/schema\/logo\/image\/\",\"url\":\"https:\/\/grupalfamedic.com\/wp-content\/uploads\/2020\/06\/ms-icon-310x310-1.png\",\"contentUrl\":\"https:\/\/grupalfamedic.com\/wp-content\/uploads\/2020\/06\/ms-icon-310x310-1.png\",\"width\":310,\"height\":310,\"caption\":\"Grup Alfa M\u00e8dic\"},\"image\":{\"@id\":\"https:\/\/grupalfamedic.com\/#\/schema\/logo\/image\/\"}}]}<\/script>\n<!-- \/ Yoast SEO plugin. -->","yoast_head_json":{"title":"PRUEBAS DE COVID-19 (SEROLOG\u00cdA) - Alfamedic","robots":{"index":"index","follow":"follow","max-snippet":"max-snippet:-1","max-image-preview":"max-image-preview:large","max-video-preview":"max-video-preview:-1"},"canonical":"https:\/\/grupalfamedic.com\/es\/producte\/pruebas-de-covid-19-serologia\/","og_locale":"es_ES","og_type":"article","og_title":"PRUEBAS DE COVID-19 (SEROLOG\u00cdA) - Alfamedic","og_description":"La prueba de serolog\u00eda cuantitativa se realiza para detectar niveles de IG-G y IG-M en sangre. Mediante esta pr\u00e1ctica podemos saber si se ha pasado la enfermedad por lo tanto si hemos generado anticuerpos o si la tenemos en el momento.","og_url":"https:\/\/grupalfamedic.com\/es\/producte\/pruebas-de-covid-19-serologia\/","og_site_name":"Alfamedic","og_image":[{"width":512,"height":512,"url":"https:\/\/grupalfamedic.com\/wp-content\/uploads\/2020\/05\/serologia.jpg","type":"image\/jpeg"}],"twitter_card":"summary_large_image","schema":{"@context":"https:\/\/schema.org","@graph":[{"@type":"WebPage","@id":"https:\/\/grupalfamedic.com\/es\/producte\/pruebas-de-covid-19-serologia\/","url":"https:\/\/grupalfamedic.com\/es\/producte\/pruebas-de-covid-19-serologia\/","name":"PRUEBAS DE COVID-19 (SEROLOG\u00cdA) - Alfamedic","isPartOf":{"@id":"https:\/\/grupalfamedic.com\/#website"},"primaryImageOfPage":{"@id":"https:\/\/grupalfamedic.com\/es\/producte\/pruebas-de-covid-19-serologia\/#primaryimage"},"image":{"@id":"https:\/\/grupalfamedic.com\/es\/producte\/pruebas-de-covid-19-serologia\/#primaryimage"},"thumbnailUrl":"https:\/\/grupalfamedic.com\/wp-content\/uploads\/2020\/05\/serologia.jpg","datePublished":"2020-05-12T10:39:30+00:00","dateModified":"2020-05-12T10:39:30+00:00","breadcrumb":{"@id":"https:\/\/grupalfamedic.com\/es\/producte\/pruebas-de-covid-19-serologia\/#breadcrumb"},"inLanguage":"es","potentialAction":[{"@type":"ReadAction","target":["https:\/\/grupalfamedic.com\/es\/producte\/pruebas-de-covid-19-serologia\/"]}]},{"@type":"ImageObject","inLanguage":"es","@id":"https:\/\/grupalfamedic.com\/es\/producte\/pruebas-de-covid-19-serologia\/#primaryimage","url":"https:\/\/grupalfamedic.com\/wp-content\/uploads\/2020\/05\/serologia.jpg","contentUrl":"https:\/\/grupalfamedic.com\/wp-content\/uploads\/2020\/05\/serologia.jpg","width":512,"height":512},{"@type":"BreadcrumbList","@id":"https:\/\/grupalfamedic.com\/es\/producte\/pruebas-de-covid-19-serologia\/#breadcrumb","itemListElement":[{"@type":"ListItem","position":1,"name":"Inici","item":"https:\/\/grupalfamedic.com\/"},{"@type":"ListItem","position":2,"name":"Productes","item":"https:\/\/grupalfamedic.com\/shop\/"},{"@type":"ListItem","position":3,"name":"PRUEBAS DE COVID-19 (SEROLOG\u00cdA)"}]},{"@type":"WebSite","@id":"https:\/\/grupalfamedic.com\/#website","url":"https:\/\/grupalfamedic.com\/","name":"Alfamedic","description":"Cuidem de tu","publisher":{"@id":"https:\/\/grupalfamedic.com\/#organization"},"potentialAction":[{"@type":"SearchAction","target":{"@type":"EntryPoint","urlTemplate":"https:\/\/grupalfamedic.com\/?s={search_term_string}"},"query-input":{"@type":"PropertyValueSpecification","valueRequired":true,"valueName":"search_term_string"}}],"inLanguage":"es"},{"@type":"Organization","@id":"https:\/\/grupalfamedic.com\/#organization","name":"Grup Alfa M\u00e8dic","url":"https:\/\/grupalfamedic.com\/","logo":{"@type":"ImageObject","inLanguage":"es","@id":"https:\/\/grupalfamedic.com\/#\/schema\/logo\/image\/","url":"https:\/\/grupalfamedic.com\/wp-content\/uploads\/2020\/06\/ms-icon-310x310-1.png","contentUrl":"https:\/\/grupalfamedic.com\/wp-content\/uploads\/2020\/06\/ms-icon-310x310-1.png","width":310,"height":310,"caption":"Grup Alfa M\u00e8dic"},"image":{"@id":"https:\/\/grupalfamedic.com\/#\/schema\/logo\/image\/"}}]}},"_links":{"self":[{"href":"https:\/\/grupalfamedic.com\/es\/wp-json\/wp\/v2\/product\/2454","targetHints":{"allow":["GET"]}}],"collection":[{"href":"https:\/\/grupalfamedic.com\/es\/wp-json\/wp\/v2\/product"}],"about":[{"href":"https:\/\/grupalfamedic.com\/es\/wp-json\/wp\/v2\/types\/product"}],"replies":[{"embeddable":true,"href":"https:\/\/grupalfamedic.com\/es\/wp-json\/wp\/v2\/comments?post=2454"}],"wp:featuredmedia":[{"embeddable":true,"href":"https:\/\/grupalfamedic.com\/es\/wp-json\/wp\/v2\/media\/2455"}],"wp:attachment":[{"href":"https:\/\/grupalfamedic.com\/es\/wp-json\/wp\/v2\/media?parent=2454"}],"wp:term":[{"taxonomy":"product_brand","embeddable":true,"href":"https:\/\/grupalfamedic.com\/es\/wp-json\/wp\/v2\/product_brand?post=2454"},{"taxonomy":"product_cat","embeddable":true,"href":"https:\/\/grupalfamedic.com\/es\/wp-json\/wp\/v2\/product_cat?post=2454"},{"taxonomy":"product_tag","embeddable":true,"href":"https:\/\/grupalfamedic.com\/es\/wp-json\/wp\/v2\/product_tag?post=2454"}],"curies":[{"name":"wp","href":"https:\/\/api.w.org\/{rel}","templated":true}]}}