{"id":4463,"date":"2025-09-16T10:52:35","date_gmt":"2025-09-16T08:52:35","guid":{"rendered":"https:\/\/grupalfamedic.com\/especialidades\/nefrologia\/"},"modified":"2025-09-16T10:53:45","modified_gmt":"2025-09-16T08:53:45","slug":"nefrologia","status":"publish","type":"page","link":"https:\/\/grupalfamedic.com\/es\/especialidades\/nefrologia\/","title":{"rendered":"Nefrolog\u00eda"},"content":{"rendered":"<p>[et_pb_section fb_built=\u00bb1&#8243; admin_label=\u00bbHero\u00bb _builder_version=\u00bb4.16&#8243; custom_padding=\u00bb0|0px|11px|0px|false|false\u00bb bottom_divider_height=\u00bb0px\u00bb border_width_bottom=\u00bb1px\u00bb border_color_bottom=\u00bb#efefef\u00bb global_colors_info=\u00bb{}\u00bb][et_pb_row make_equal=\u00bbon\u00bb _builder_version=\u00bb4.16&#8243; use_background_color_gradient=\u00bbon\u00bb background_color_gradient_direction=\u00bb154deg\u00bb background_color_gradient_stops=\u00bb#2d4f97 0%|#29c4a9 100%\u00bb background_color_gradient_start=\u00bb#2d4f97&#8243; width=\u00bb100%\u00bb max_width=\u00bb100%\u00bb custom_margin=\u00bb|||\u00bb custom_margin_tablet=\u00bb||0px|\u00bb custom_margin_phone=\u00bb\u00bb custom_margin_last_edited=\u00bbon|desktop\u00bb custom_padding=\u00bb1px|0px|36px|0px|false|false\u00bb use_custom_width=\u00bbon\u00bb width_unit=\u00bboff\u00bb custom_width_percent=\u00bb100%\u00bb global_colors_info=\u00bb{}\u00bb][et_pb_column type=\u00bb4_4&#8243; _builder_version=\u00bb4.16&#8243; custom_padding=\u00bb6%||6%|12%\u00bb custom_padding_tablet=\u00bb50px|50px|50px|50px\u00bb custom_padding_phone=\u00bb\u00bb custom_padding_last_edited=\u00bbon|tablet\u00bb global_colors_info=\u00bb{}\u00bb padding_tablet=\u00bb50px|50px|50px|50px\u00bb padding_last_edited=\u00bbon|tablet\u00bb custom_padding__hover=\u00bb|||\u00bb padding_phone=\u00bb50px|50px|50px|50px\u00bb][et_pb_text _builder_version=\u00bb4.27.4&#8243; text_font=\u00bbAllan|300|||||||\u00bb text_text_color=\u00bb#677a92&#8243; text_font_size=\u00bb30px\u00bb text_line_height=\u00bb1.8em\u00bb header_font=\u00bbAllan||||||||\u00bb header_text_align=\u00bbcenter\u00bb header_text_color=\u00bb#ffffff\u00bb header_font_size=\u00bb50px\u00bb header_line_height=\u00bb1.3em\u00bb header_2_font=\u00bb||||||||\u00bb max_width=\u00bb600px\u00bb custom_margin=\u00bb17px|||||\u00bb custom_margin_tablet=\u00bb0px|50px||50px\u00bb custom_margin_phone=\u00bb|20px||\u00bb custom_margin_last_edited=\u00bboff|desktop\u00bb custom_padding=\u00bb|||\u00bb hover_enabled=\u00bb0&#8243; text_line_height_tablet=\u00bb1.8em\u00bb text_line_height_phone=\u00bb1.8em\u00bb text_line_height_last_edited=\u00bbon|phone\u00bb header_font_size_tablet=\u00bb\u00bb header_font_size_phone=\u00bb36px\u00bb header_font_size_last_edited=\u00bbon|phone\u00bb header_2_font_size_phone=\u00bb30px\u00bb header_2_font_size_last_edited=\u00bboff|desktop\u00bb locked=\u00bboff\u00bb global_colors_info=\u00bb{}\u00bb sticky_enabled=\u00bb0&#8243;]<\/p>\n<h1>Nefrolog\u00eda<\/h1>\n<p>[\/et_pb_text][\/et_pb_column][\/et_pb_row][\/et_pb_section][et_pb_section fb_built=\u00bb1&#8243; _builder_version=\u00bb4.16&#8243; custom_margin=\u00bb-13px|||||\u00bb custom_padding=\u00bb37px|||||\u00bb global_colors_info=\u00bb{}\u00bb][et_pb_row column_structure=\u00bb3_5,2_5&#8243; _builder_version=\u00bb4.16&#8243; hover_enabled=\u00bb0&#8243; global_colors_info=\u00bb{}\u00bb sticky_enabled=\u00bb0&#8243;][et_pb_column type=\u00bb3_5&#8243; _builder_version=\u00bb4.16&#8243; global_colors_info=\u00bb{}\u00bb][et_pb_text _builder_version=\u00bb4.27.4&#8243; text_font=\u00bbMontserrat|300|||||||\u00bb text_text_color=\u00bb#000000&#8243; text_line_height=\u00bb1.8em\u00bb header_font=\u00bbMontserrat||||||||\u00bb header_text_align=\u00bbcenter\u00bb header_text_color=\u00bb#000000&#8243; header_font_size=\u00bb50px\u00bb header_line_height=\u00bb1.3em\u00bb header_2_font=\u00bb||||||||\u00bb max_width=\u00bb600px\u00bb custom_margin=\u00bb-10px|||||\u00bb custom_margin_tablet=\u00bb0px|50px||50px\u00bb custom_margin_phone=\u00bb|20px||\u00bb custom_margin_last_edited=\u00bboff|desktop\u00bb custom_padding=\u00bb|||\u00bb hover_enabled=\u00bb0&#8243; text_line_height_tablet=\u00bb1.8em\u00bb text_line_height_phone=\u00bb1.8em\u00bb text_line_height_last_edited=\u00bbon|phone\u00bb header_font_size_tablet=\u00bb\u00bb header_font_size_phone=\u00bb36px\u00bb header_font_size_last_edited=\u00bbon|phone\u00bb header_2_font_size_phone=\u00bb30px\u00bb header_2_font_size_last_edited=\u00bboff|desktop\u00bb locked=\u00bboff\u00bb global_colors_info=\u00bb{}\u00bb sticky_enabled=\u00bb0&#8243;]<\/p>\n<h2>Nefrolog\u00eda<\/h2>\n<hr style=\"color: #29c4a9;\" \/>[\/et_pb_text][et_pb_text _builder_version=\u00bb4.27.4&#8243; hover_enabled=\u00bb0&#8243; global_colors_info=\u00bb{}\u00bb sticky_enabled=\u00bb0&#8243;]<\/p>\n<p>La Nefrolog\u00eda es la especialidad m\u00e9dica que estudia, diagnostica, trata y previene las enfermedades del ri\u00f1\u00f3n y del aparato urinario, as\u00ed como la hipertensi\u00f3n arterial y otros trastornos que pueden afectar la funci\u00f3n renal. El\/la nefr\u00f3logo\/a es el profesional con la formaci\u00f3n espec\u00edfica para atender a personas con patolog\u00eda renal tanto en el \u00e1mbito ambulatorio como hospitalario.<\/p>\n<p><strong>\u00c1REAS DE ACTUACI\u00d3N<\/strong><\/p>\n<p><strong>Nefrolog\u00eda cl\u00ednica:<\/strong><\/p>\n<ul>\n<li>Insuficiencia renal (aguda y cr\u00f3nica) y control de la progresi\u00f3n de la enfermedad renal cr\u00f3nica.<\/li>\n<li>Hipertensi\u00f3n arterial y estudio de la hipertensi\u00f3n secundaria de origen renal.<\/li>\n<li>Alteraciones urinarias: proteinuria, microalbuminuria, hematuria.<\/li>\n<li>Litiasis renal (c\u00e1lculos renales) y prevenci\u00f3n de recurrencias.<\/li>\n<li>Infecciones urinarias complejas y recurrentes (coordinaci\u00f3n con Urolog\u00eda si es necesario).<\/li>\n<li>Trastornos tubulointersticiales y glomerulares (s\u00edndrome nefr\u00f3tico\/nefr\u00edtico, etc.).<\/li>\n<li>Enfermedad renal diab\u00e9tica y nefropat\u00eda de origen vascular o autoinmune.<\/li>\n<li>Evaluaci\u00f3n prequir\u00fargica y ajuste terap\u00e9utico de medicaci\u00f3n potencialmente nefrot\u00f3xica.<\/li>\n<\/ul>\n<p><strong>Prevenci\u00f3n y seguimiento:<\/strong><\/p>\n<ul>\n<li>Cribado de factores de riesgo renal (diabetes, hipertensi\u00f3n, obesidad, antecedentes familiares).<\/li>\n<li>Educaci\u00f3n en estilo de vida, dieta nefroprotectora y control de la presi\u00f3n arterial.<\/li>\n<li>Seguimiento peri\u00f3dico para preservar la funci\u00f3n renal y evitar descompensaciones.<\/li>\n<\/ul>\n<p><strong>Pruebas diagn\u00f3sticas y procedimientos:<\/strong> Seg\u00fan el caso cl\u00ednico, el equipo puede indicar:<\/p>\n<ul>\n<li>An\u00e1lisis de sangre y de orina (funci\u00f3n renal, iones, sedimento urinario, microalbuminuria).<\/li>\n<li>Ecograf\u00eda renal y de v\u00edas urinarias (en coordinaci\u00f3n con Radiolog\u00eda).<\/li>\n<li>Monitorizaci\u00f3n de la presi\u00f3n arterial y control de tratamientos.<\/li>\n<li>Estudios metab\u00f3licos en litiasis renal y planes de prevenci\u00f3n personalizados.<\/li>\n<li>Otras exploraciones complementarias seg\u00fan indicaci\u00f3n cl\u00ednica.<\/li>\n<\/ul>\n<p>[\/et_pb_text][et_pb_button button_url=\u00bbhttps:\/\/grupalfamedic.com\/es\/reserva-cita-girona\/\u00bb url_new_window=\u00bbon\u00bb button_text=\u00bbPide hora\u00bb button_alignment=\u00bbcenter\u00bb _builder_version=\u00bb4.27.4&#8243; custom_button=\u00bbon\u00bb button_text_color=\u00bb#ffffff\u00bb button_bg_use_color_gradient=\u00bbon\u00bb button_bg_color_gradient_direction=\u00bb170deg\u00bb button_bg_color_gradient_stops=\u00bb#2D5198 0%|#29c4a9 100%\u00bb button_bg_color_gradient_start=\u00bb#2D5198&#8243; button_border_color=\u00bb#ffffff\u00bb button_border_radius=\u00bb12px\u00bb custom_margin=\u00bb25px|||||\u00bb hover_enabled=\u00bb0&#8243; global_colors_info=\u00bb{}\u00bb sticky_enabled=\u00bb0&#8243;][\/et_pb_button][\/et_pb_column][et_pb_column type=\u00bb2_5&#8243; _builder_version=\u00bb4.16&#8243; global_colors_info=\u00bb{}\u00bb][et_pb_button button_url=\u00bbhttps:\/\/grupalfamedic.com\/es\/reserva-cita-girona\/\u00bb url_new_window=\u00bbon\u00bb button_text=\u00bbPide hora\u00bb button_alignment=\u00bbcenter\u00bb _builder_version=\u00bb4.27.4&#8243; custom_button=\u00bbon\u00bb button_text_color=\u00bb#ffffff\u00bb button_bg_use_color_gradient=\u00bbon\u00bb button_bg_color_gradient_direction=\u00bb170deg\u00bb button_bg_color_gradient_stops=\u00bb#2D5198 0%|#29c4a9 100%\u00bb button_bg_color_gradient_start=\u00bb#2D5198&#8243; button_border_color=\u00bb#ffffff\u00bb button_border_radius=\u00bb12px\u00bb custom_margin=\u00bb25px|||||\u00bb hover_enabled=\u00bb0&#8243; global_colors_info=\u00bb{}\u00bb sticky_enabled=\u00bb0&#8243;][\/et_pb_button][et_pb_image _builder_version=\u00bb4.27.4&#8243; hover_enabled=\u00bb0&#8243; global_colors_info=\u00bb{}\u00bb title_text=\u00bbiMATGE SERVEI NEFROLOGIA\u00bb src=\u00bbhttps:\/\/grupalfamedic.com\/wp-content\/uploads\/2025\/09\/iMATGE-SERVEI-NEFROLOGIA.png\u00bb sticky_enabled=\u00bb0&#8243;][\/et_pb_image][et_pb_code _builder_version=\u00bb4.16&#8243; global_colors_info=\u00bb{}\u00bb][\/et_pb_code][et_pb_text _builder_version=\u00bb4.16&#8243; global_colors_info=\u00bb{}\u00bb]<\/p>\n<p style=\"font-size: 1.5em;\">Centros<\/p>\n<p>[\/et_pb_text][et_pb_code _builder_version=\u00bb4.27.4&#8243; hover_enabled=\u00bb0&#8243; global_colors_info=\u00bb{}\u00bb sticky_enabled=\u00bb0&#8243; link_option_url=\u00bbhttps:\/\/grupalfamedic.com\/es\/girona\/\u00bb]<pee><a class=\"blue-button\" href=\"https:\/\/grupalfamedic.com\/es\/palamos\/\">Girona<\/a><\/pee>\n<!-- [et_pb_line_break_holder] -->\n<pee>&nbsp;<\/pee>\n<!-- [et_pb_line_break_holder] -->[\/et_pb_code][\/et_pb_column][\/et_pb_row][\/et_pb_section]<\/p>\n","protected":false},"excerpt":{"rendered":"<p>Nefrolog\u00edaNefrolog\u00eda La Nefrolog\u00eda es la especialidad m\u00e9dica que estudia, diagnostica, trata y previene las enfermedades del ri\u00f1\u00f3n y del aparato urinario, as\u00ed como la hipertensi\u00f3n arterial y otros trastornos que pueden afectar la funci\u00f3n renal. El\/la nefr\u00f3logo\/a es el profesional con la formaci\u00f3n espec\u00edfica para atender a personas con patolog\u00eda renal tanto en el \u00e1mbito [&hellip;]<\/p>\n","protected":false},"author":1,"featured_media":0,"parent":2331,"menu_order":0,"comment_status":"closed","ping_status":"closed","template":"","meta":{"_et_pb_use_builder":"on","_et_pb_old_content":"","_et_gb_content_width":"","footnotes":""},"class_list":["post-4463","page","type-page","status-publish","hentry"],"yoast_head":"<!-- This site is optimized with the Yoast SEO plugin v24.3 - https:\/\/yoast.com\/wordpress\/plugins\/seo\/ -->\n<title>Nefrolog\u00eda - Alfamedic<\/title>\n<meta name=\"robots\" content=\"index, follow, max-snippet:-1, max-image-preview:large, max-video-preview:-1\" \/>\n<link rel=\"canonical\" href=\"https:\/\/grupalfamedic.com\/especialitats\/4454-2\/\" \/>\n<meta property=\"og:locale\" content=\"es_ES\" \/>\n<meta property=\"og:type\" content=\"article\" \/>\n<meta property=\"og:title\" content=\"Nefrolog\u00eda - Alfamedic\" \/>\n<meta property=\"og:description\" content=\"Nefrolog\u00edaNefrolog\u00eda La Nefrolog\u00eda es la especialidad m\u00e9dica que estudia, diagnostica, trata y previene las enfermedades del ri\u00f1\u00f3n y del aparato urinario, as\u00ed como la hipertensi\u00f3n arterial y otros trastornos que pueden afectar la funci\u00f3n renal. El\/la nefr\u00f3logo\/a es el profesional con la formaci\u00f3n espec\u00edfica para atender a personas con patolog\u00eda renal tanto en el \u00e1mbito [&hellip;]\" \/>\n<meta property=\"og:url\" content=\"https:\/\/grupalfamedic.com\/especialitats\/4454-2\/\" \/>\n<meta property=\"og:site_name\" content=\"Alfamedic\" \/>\n<meta property=\"article:modified_time\" content=\"2025-09-16T08:53:45+00:00\" \/>\n<meta name=\"twitter:card\" content=\"summary_large_image\" \/>\n<meta name=\"twitter:label1\" content=\"Tiempo de lectura\" \/>\n\t<meta name=\"twitter:data1\" content=\"5 minutos\" \/>\n<script type=\"application\/ld+json\" class=\"yoast-schema-graph\">{\"@context\":\"https:\/\/schema.org\",\"@graph\":[{\"@type\":\"WebPage\",\"@id\":\"https:\/\/grupalfamedic.com\/especialitats\/4454-2\/\",\"url\":\"https:\/\/grupalfamedic.com\/especialitats\/4454-2\/\",\"name\":\"Nefrolog\u00eda - Alfamedic\",\"isPartOf\":{\"@id\":\"https:\/\/grupalfamedic.com\/#website\"},\"datePublished\":\"2025-09-16T08:52:35+00:00\",\"dateModified\":\"2025-09-16T08:53:45+00:00\",\"breadcrumb\":{\"@id\":\"https:\/\/grupalfamedic.com\/especialitats\/4454-2\/#breadcrumb\"},\"inLanguage\":\"es\",\"potentialAction\":[{\"@type\":\"ReadAction\",\"target\":[\"https:\/\/grupalfamedic.com\/especialitats\/4454-2\/\"]}]},{\"@type\":\"BreadcrumbList\",\"@id\":\"https:\/\/grupalfamedic.com\/especialitats\/4454-2\/#breadcrumb\",\"itemListElement\":[{\"@type\":\"ListItem\",\"position\":1,\"name\":\"Inici\",\"item\":\"https:\/\/grupalfamedic.com\/\"},{\"@type\":\"ListItem\",\"position\":2,\"name\":\"Especialidades\",\"item\":\"https:\/\/grupalfamedic.com\/especialitats\/\"},{\"@type\":\"ListItem\",\"position\":3,\"name\":\"Nefrolog\u00eda\"}]},{\"@type\":\"WebSite\",\"@id\":\"https:\/\/grupalfamedic.com\/#website\",\"url\":\"https:\/\/grupalfamedic.com\/\",\"name\":\"Alfamedic\",\"description\":\"Cuidem de tu\",\"publisher\":{\"@id\":\"https:\/\/grupalfamedic.com\/#organization\"},\"potentialAction\":[{\"@type\":\"SearchAction\",\"target\":{\"@type\":\"EntryPoint\",\"urlTemplate\":\"https:\/\/grupalfamedic.com\/?s={search_term_string}\"},\"query-input\":{\"@type\":\"PropertyValueSpecification\",\"valueRequired\":true,\"valueName\":\"search_term_string\"}}],\"inLanguage\":\"es\"},{\"@type\":\"Organization\",\"@id\":\"https:\/\/grupalfamedic.com\/#organization\",\"name\":\"Grup Alfa M\u00e8dic\",\"url\":\"https:\/\/grupalfamedic.com\/\",\"logo\":{\"@type\":\"ImageObject\",\"inLanguage\":\"es\",\"@id\":\"https:\/\/grupalfamedic.com\/#\/schema\/logo\/image\/\",\"url\":\"https:\/\/grupalfamedic.com\/wp-content\/uploads\/2020\/06\/ms-icon-310x310-1.png\",\"contentUrl\":\"https:\/\/grupalfamedic.com\/wp-content\/uploads\/2020\/06\/ms-icon-310x310-1.png\",\"width\":310,\"height\":310,\"caption\":\"Grup Alfa M\u00e8dic\"},\"image\":{\"@id\":\"https:\/\/grupalfamedic.com\/#\/schema\/logo\/image\/\"}}]}<\/script>\n<!-- \/ Yoast SEO plugin. -->","yoast_head_json":{"title":"Nefrolog\u00eda - Alfamedic","robots":{"index":"index","follow":"follow","max-snippet":"max-snippet:-1","max-image-preview":"max-image-preview:large","max-video-preview":"max-video-preview:-1"},"canonical":"https:\/\/grupalfamedic.com\/especialitats\/4454-2\/","og_locale":"es_ES","og_type":"article","og_title":"Nefrolog\u00eda - Alfamedic","og_description":"Nefrolog\u00edaNefrolog\u00eda La Nefrolog\u00eda es la especialidad m\u00e9dica que estudia, diagnostica, trata y previene las enfermedades del ri\u00f1\u00f3n y del aparato urinario, as\u00ed como la hipertensi\u00f3n arterial y otros trastornos que pueden afectar la funci\u00f3n renal. El\/la nefr\u00f3logo\/a es el profesional con la formaci\u00f3n espec\u00edfica para atender a personas con patolog\u00eda renal tanto en el \u00e1mbito [&hellip;]","og_url":"https:\/\/grupalfamedic.com\/especialitats\/4454-2\/","og_site_name":"Alfamedic","article_modified_time":"2025-09-16T08:53:45+00:00","twitter_card":"summary_large_image","twitter_misc":{"Tiempo de lectura":"5 minutos"},"schema":{"@context":"https:\/\/schema.org","@graph":[{"@type":"WebPage","@id":"https:\/\/grupalfamedic.com\/especialitats\/4454-2\/","url":"https:\/\/grupalfamedic.com\/especialitats\/4454-2\/","name":"Nefrolog\u00eda - Alfamedic","isPartOf":{"@id":"https:\/\/grupalfamedic.com\/#website"},"datePublished":"2025-09-16T08:52:35+00:00","dateModified":"2025-09-16T08:53:45+00:00","breadcrumb":{"@id":"https:\/\/grupalfamedic.com\/especialitats\/4454-2\/#breadcrumb"},"inLanguage":"es","potentialAction":[{"@type":"ReadAction","target":["https:\/\/grupalfamedic.com\/especialitats\/4454-2\/"]}]},{"@type":"BreadcrumbList","@id":"https:\/\/grupalfamedic.com\/especialitats\/4454-2\/#breadcrumb","itemListElement":[{"@type":"ListItem","position":1,"name":"Inici","item":"https:\/\/grupalfamedic.com\/"},{"@type":"ListItem","position":2,"name":"Especialidades","item":"https:\/\/grupalfamedic.com\/especialitats\/"},{"@type":"ListItem","position":3,"name":"Nefrolog\u00eda"}]},{"@type":"WebSite","@id":"https:\/\/grupalfamedic.com\/#website","url":"https:\/\/grupalfamedic.com\/","name":"Alfamedic","description":"Cuidem de tu","publisher":{"@id":"https:\/\/grupalfamedic.com\/#organization"},"potentialAction":[{"@type":"SearchAction","target":{"@type":"EntryPoint","urlTemplate":"https:\/\/grupalfamedic.com\/?s={search_term_string}"},"query-input":{"@type":"PropertyValueSpecification","valueRequired":true,"valueName":"search_term_string"}}],"inLanguage":"es"},{"@type":"Organization","@id":"https:\/\/grupalfamedic.com\/#organization","name":"Grup Alfa M\u00e8dic","url":"https:\/\/grupalfamedic.com\/","logo":{"@type":"ImageObject","inLanguage":"es","@id":"https:\/\/grupalfamedic.com\/#\/schema\/logo\/image\/","url":"https:\/\/grupalfamedic.com\/wp-content\/uploads\/2020\/06\/ms-icon-310x310-1.png","contentUrl":"https:\/\/grupalfamedic.com\/wp-content\/uploads\/2020\/06\/ms-icon-310x310-1.png","width":310,"height":310,"caption":"Grup Alfa M\u00e8dic"},"image":{"@id":"https:\/\/grupalfamedic.com\/#\/schema\/logo\/image\/"}}]}},"_links":{"self":[{"href":"https:\/\/grupalfamedic.com\/es\/wp-json\/wp\/v2\/pages\/4463","targetHints":{"allow":["GET"]}}],"collection":[{"href":"https:\/\/grupalfamedic.com\/es\/wp-json\/wp\/v2\/pages"}],"about":[{"href":"https:\/\/grupalfamedic.com\/es\/wp-json\/wp\/v2\/types\/page"}],"author":[{"embeddable":true,"href":"https:\/\/grupalfamedic.com\/es\/wp-json\/wp\/v2\/users\/1"}],"replies":[{"embeddable":true,"href":"https:\/\/grupalfamedic.com\/es\/wp-json\/wp\/v2\/comments?post=4463"}],"version-history":[{"count":5,"href":"https:\/\/grupalfamedic.com\/es\/wp-json\/wp\/v2\/pages\/4463\/revisions"}],"predecessor-version":[{"id":4468,"href":"https:\/\/grupalfamedic.com\/es\/wp-json\/wp\/v2\/pages\/4463\/revisions\/4468"}],"up":[{"embeddable":true,"href":"https:\/\/grupalfamedic.com\/es\/wp-json\/wp\/v2\/pages\/2331"}],"wp:attachment":[{"href":"https:\/\/grupalfamedic.com\/es\/wp-json\/wp\/v2\/media?parent=4463"}],"curies":[{"name":"wp","href":"https:\/\/api.w.org\/{rel}","templated":true}]}}