{"id":2337,"date":"2020-06-30T11:45:55","date_gmt":"2020-06-30T09:45:55","guid":{"rendered":"https:\/\/grupalfamedic.com\/especialidades\/cardiologia\/"},"modified":"2020-07-07T16:40:37","modified_gmt":"2020-07-07T14:40:37","slug":"cardiologia","status":"publish","type":"page","link":"https:\/\/grupalfamedic.com\/es\/especialidades\/cardiologia\/","title":{"rendered":"Cardiolog\u00eda"},"content":{"rendered":"<p>[et_pb_section fb_built=\u00bb1&#8243; admin_label=\u00bbHero\u00bb _builder_version=\u00bb3.22&#8243; custom_padding=\u00bb0|0px|11px|0px|false|false\u00bb bottom_divider_height=\u00bb0px\u00bb border_width_bottom=\u00bb1px\u00bb border_color_bottom=\u00bb#efefef\u00bb][et_pb_row make_equal=\u00bbon\u00bb _builder_version=\u00bb4.2.2&#8243; use_background_color_gradient=\u00bbon\u00bb background_color_gradient_start=\u00bb#2d4f97&#8243; background_color_gradient_direction=\u00bb154deg\u00bb width=\u00bb100%\u00bb max_width=\u00bb100%\u00bb custom_margin=\u00bb|||\u00bb custom_margin_tablet=\u00bb||0px|\u00bb custom_margin_phone=\u00bb\u00bb custom_margin_last_edited=\u00bbon|desktop\u00bb custom_padding=\u00bb1px|0px|36px|0px|false|false\u00bb use_custom_width=\u00bbon\u00bb width_unit=\u00bboff\u00bb custom_width_percent=\u00bb100%\u00bb][et_pb_column type=\u00bb4_4&#8243; _builder_version=\u00bb4.2.2&#8243; custom_padding=\u00bb6%||6%|12%\u00bb custom_padding_tablet=\u00bb50px|50px|50px|50px\u00bb custom_padding_phone=\u00bb\u00bb custom_padding_last_edited=\u00bbon|tablet\u00bb padding_tablet=\u00bb50px|50px|50px|50px\u00bb padding_last_edited=\u00bbon|tablet\u00bb custom_padding__hover=\u00bb|||\u00bb][et_pb_text _builder_version=\u00bb4.2.2&#8243; text_font=\u00bbAllan|300|||||||\u00bb text_text_color=\u00bb#677a92&#8243; text_font_size=\u00bb30px\u00bb text_line_height=\u00bb1.8em\u00bb header_font=\u00bbAllan||||||||\u00bb header_text_align=\u00bbcenter\u00bb header_text_color=\u00bb#ffffff\u00bb header_font_size=\u00bb50px\u00bb header_line_height=\u00bb1.3em\u00bb header_2_font=\u00bb||||||||\u00bb max_width=\u00bb600px\u00bb custom_margin=\u00bb17px|||||\u00bb custom_margin_tablet=\u00bb0px|50px||50px\u00bb custom_margin_phone=\u00bb|20px||\u00bb custom_margin_last_edited=\u00bboff|desktop\u00bb custom_padding=\u00bb|||\u00bb text_line_height_tablet=\u00bb1.8em\u00bb text_line_height_phone=\u00bb1.8em\u00bb text_line_height_last_edited=\u00bbon|phone\u00bb header_font_size_tablet=\u00bb\u00bb header_font_size_phone=\u00bb36px\u00bb header_font_size_last_edited=\u00bbon|phone\u00bb header_2_font_size_phone=\u00bb30px\u00bb header_2_font_size_last_edited=\u00bboff|desktop\u00bb locked=\u00bboff\u00bb]<\/p>\n<h1>Cardiolog\u00eda<\/h1>\n<p>[\/et_pb_text][\/et_pb_column][\/et_pb_row][\/et_pb_section][et_pb_section fb_built=\u00bb1&#8243; _builder_version=\u00bb4.2.2&#8243; custom_margin=\u00bb-13px|||||\u00bb custom_padding=\u00bb37px|||||\u00bb][et_pb_row column_structure=\u00bb3_5,2_5&#8243; _builder_version=\u00bb4.2.2&#8243;][et_pb_column type=\u00bb3_5&#8243; _builder_version=\u00bb4.2.2&#8243;][et_pb_text _builder_version=\u00bb4.2.2&#8243; text_font=\u00bbMontserrat|300|||||||\u00bb text_text_color=\u00bb#000000&#8243; text_line_height=\u00bb1.8em\u00bb header_font=\u00bbMontserrat||||||||\u00bb header_text_align=\u00bbcenter\u00bb header_text_color=\u00bb#000000&#8243; header_font_size=\u00bb50px\u00bb header_line_height=\u00bb1.3em\u00bb header_2_font=\u00bb||||||||\u00bb max_width=\u00bb600px\u00bb custom_margin=\u00bb-10px|||||\u00bb custom_margin_tablet=\u00bb0px|50px||50px\u00bb custom_margin_phone=\u00bb|20px||\u00bb custom_margin_last_edited=\u00bboff|desktop\u00bb custom_padding=\u00bb|||\u00bb text_line_height_tablet=\u00bb1.8em\u00bb text_line_height_phone=\u00bb1.8em\u00bb text_line_height_last_edited=\u00bbon|phone\u00bb header_font_size_tablet=\u00bb\u00bb header_font_size_phone=\u00bb36px\u00bb header_font_size_last_edited=\u00bbon|phone\u00bb header_2_font_size_phone=\u00bb30px\u00bb header_2_font_size_last_edited=\u00bboff|desktop\u00bb locked=\u00bboff\u00bb]<\/p>\n<h2>Cardiolog\u00eda<\/h2>\n<hr style=\"color:#29c4a9;\">[\/et_pb_text][et_pb_text _builder_version=\u00bb4.2.2&#8243;]<\/p>\n<p>La Cardiolog\u00eda es la parte de la Medicina que copa el marco de trabajo situado en el coraz\u00f3n y en el aparato vascular. Su finalidad b\u00e1sica es el estudio, diagn\u00f3stico, tratamiento y prevenci\u00f3n de las enfermedades cardiovasculares.<br \/>\nEl cardi\u00f3logo es el profesional de la Medicina con preparaci\u00f3n espec\u00edfica para asistir a pacientes con problemas cardiovasculares, ya sea como cl\u00ednico, ya sea como t\u00e9cnico especializado en procedimientos diagn\u00f3sticos y terap\u00e9uticos.<br \/>\nEl campo de la actuaci\u00f3n profesional de la Cardiolog\u00eda comprende los siguientes aspectos:\n<\/p>\n<p><strong>CARDIOLOG\u00cdA CL\u00cdNICA:<\/strong> Se trata de la cardiolog\u00eda propiamente dicha. No debe ser infravalorada por el desarrollo de las pruebas complementarias. Dentro de ella existen:<\/p>\n<p><strong>-Asistencia urgente e intensiva (Unidad coronaria o de cuidados intensivos cardiol\u00f3gica).<\/strong> Este apartado cubre la asistencia al enfermo coronario agudo y actualmente constituye uno de los pilares fundamentales de la especialidad.<br \/>\nEn los servicios de urgencia de los hospitales, el cardi\u00f3logo act\u00faa como consultor. Se hace cargo de la asistencia en las unidades coronarias. En hospitales no considerados de m\u00e1ximo nivel (comarcales), la asistencia tiene lugar en \u00e1reas de cuidados intensivos general.<br \/>\n<br \/><strong>-Medicina hospitalaria (no intensiva):<\/strong> En la sala de hospitalizaci\u00f3n la labor del cardi\u00f3logo es continuar la asistencia del enfermo coronario agudo o tratar problemas agudos que no requieren cuidados intensivos o tratar situaciones cr\u00f3nicas que se someter\u00e1n a procesos diagn\u00f3sticos complejos (especialmente invasivos ) o procesos terap\u00e9uticos.<br \/>\n<strong>Medicina ambulatoria, seguimiento a largo plazo y rehabilitaci\u00f3n:<\/strong> Seguimiento de las enfermedades cr\u00f3nicas y controlar la evoluci\u00f3n y la terap\u00e9utica del enfermo.<br \/>\nEl cuidado preoperatoria y postoperatoria del enfermo quir\u00fargico.<br \/>\n<br \/>Cardiolog\u00eda pedi\u00e1trica: El cardi\u00f3logo con formaci\u00f3n especial en cardiolog\u00eda pedi\u00e1trica tiene su campo de acci\u00f3n en hospitales con unidades de cardiolog\u00eda pedi\u00e1trica.<\/p>\n<p><strong>T\u00c9CNICAS DE DIAGN\u00d3STICO:<\/strong><br \/>Las t\u00e9cnicas complementarias no invasivas en cardiolog\u00eda dirigidas por el profesional en cardiolog\u00eda son:<br \/>-Interpretaci\u00f3n de radiolog\u00eda de t\u00f3rax.<br \/>-Electrocardiografia est\u00e1ndar.<br \/>-Electrocardiografia de Holter.<br \/>-Pruebas de estr\u00e9s (esfuerzo y f\u00e1rmacos).<br \/>-Ecocardiografia convencional, de esfuerzo y Doppler.<br \/>-Cardiologia nuclear.<\/p>\n<p>[\/et_pb_text][et_pb_button button_url=\u00bbhttps:\/\/grupalfamedic.com\/es\/reserva-cita\/\u00bb url_new_window=\u00bbon\u00bb button_text=\u00bbPide hora\u00bb button_alignment=\u00bbcenter\u00bb _builder_version=\u00bb4.4.8&#8243; custom_button=\u00bbon\u00bb button_text_color=\u00bb#ffffff\u00bb button_bg_use_color_gradient=\u00bbon\u00bb button_bg_color_gradient_start=\u00bb#2D5198&#8243; button_bg_color_gradient_direction=\u00bb170deg\u00bb button_border_color=\u00bb#ffffff\u00bb button_border_radius=\u00bb12px\u00bb custom_margin=\u00bb25px|||||\u00bb hover_enabled=\u00bb0&#8243;][\/et_pb_button][\/et_pb_column][et_pb_column type=\u00bb2_5&#8243; _builder_version=\u00bb4.2.2&#8243;][et_pb_button button_url=\u00bbhttps:\/\/grupalfamedic.com\/es\/reserva-cita\/\u00bb url_new_window=\u00bbon\u00bb button_text=\u00bbPide hora\u00bb button_alignment=\u00bbcenter\u00bb _builder_version=\u00bb4.4.8&#8243; custom_button=\u00bbon\u00bb button_text_color=\u00bb#ffffff\u00bb button_bg_use_color_gradient=\u00bbon\u00bb button_bg_color_gradient_start=\u00bb#2D5198&#8243; button_bg_color_gradient_direction=\u00bb170deg\u00bb button_border_color=\u00bb#ffffff\u00bb button_border_radius=\u00bb12px\u00bb custom_margin=\u00bb25px|||||\u00bb hover_enabled=\u00bb0&#8243;][\/et_pb_button][et_pb_image src=\u00bbhttps:\/\/grupalfamedic.com\/wp-content\/uploads\/2020\/02\/CARDIO.png\u00bb _builder_version=\u00bb4.2.2&#8243;][\/et_pb_image][et_pb_code _builder_version=\u00bb4.2.2&#8243;][\/et_pb_code][et_pb_text _builder_version=\u00bb4.2.2&#8243;]<\/p>\n<p style=\"font-size:1.5em\">Centros<\/p>\n<p>[\/et_pb_text][et_pb_code _builder_version=\u00bb4.4.8&#8243; hover_enabled=\u00bb0&#8243;]<a href=\"https:\/\/grupalfamedic.com\/es\/palamos\/\" class=\"blue-button\">Palam\u00f3s<\/a> <!-- [et_pb_line_break_holder] --><!\u2013- [et_pb_br_holder] -\u2013><!\u2013- [et_pb_br_holder] -\u2013><!-- [et_pb_line_break_holder] --><a href=\"https:\/\/grupalfamedic.com\/es\/lloret-de-mar\/\" class=\"blue-button\">Lloret de Mar<\/a> <!-- [et_pb_line_break_holder] --><!\u2013- [et_pb_br_holder] -\u2013><!\u2013- [et_pb_br_holder] -\u2013><!-- [et_pb_line_break_holder] --><a href=\"https:\/\/grupalfamedic.com\/es\/sant-feliu-de-guixols\/\" class=\"blue-button\">Sant Feliu de Gu\u00edxols<\/a> [\/et_pb_code][\/et_pb_column][\/et_pb_row][\/et_pb_section]<\/p>\n","protected":false},"excerpt":{"rendered":"<p>Cardiolog\u00edaCardiolog\u00eda La Cardiolog\u00eda es la parte de la Medicina que copa el marco de trabajo situado en el coraz\u00f3n y en el aparato vascular. Su finalidad b\u00e1sica es el estudio, diagn\u00f3stico, tratamiento y prevenci\u00f3n de las enfermedades cardiovasculares. El cardi\u00f3logo es el profesional de la Medicina con preparaci\u00f3n espec\u00edfica para asistir a pacientes con problemas [&hellip;]<\/p>\n","protected":false},"author":1,"featured_media":0,"parent":2331,"menu_order":0,"comment_status":"closed","ping_status":"closed","template":"","meta":{"_et_pb_use_builder":"on","_et_pb_old_content":"","_et_gb_content_width":"","footnotes":""},"class_list":["post-2337","page","type-page","status-publish","hentry"],"yoast_head":"<!-- This site is optimized with the Yoast SEO plugin v24.3 - https:\/\/yoast.com\/wordpress\/plugins\/seo\/ -->\n<title>Cardiolog\u00eda - Alfamedic<\/title>\n<meta name=\"robots\" content=\"index, follow, max-snippet:-1, max-image-preview:large, max-video-preview:-1\" \/>\n<link rel=\"canonical\" href=\"https:\/\/grupalfamedic.com\/especialitats\/cardiologia\/\" \/>\n<meta property=\"og:locale\" content=\"es_ES\" \/>\n<meta property=\"og:type\" content=\"article\" \/>\n<meta property=\"og:title\" content=\"Cardiolog\u00eda - Alfamedic\" \/>\n<meta property=\"og:description\" content=\"Cardiolog\u00edaCardiolog\u00eda La Cardiolog\u00eda es la parte de la Medicina que copa el marco de trabajo situado en el coraz\u00f3n y en el aparato vascular. Su finalidad b\u00e1sica es el estudio, diagn\u00f3stico, tratamiento y prevenci\u00f3n de las enfermedades cardiovasculares. El cardi\u00f3logo es el profesional de la Medicina con preparaci\u00f3n espec\u00edfica para asistir a pacientes con problemas [&hellip;]\" \/>\n<meta property=\"og:url\" content=\"https:\/\/grupalfamedic.com\/especialitats\/cardiologia\/\" \/>\n<meta property=\"og:site_name\" content=\"Alfamedic\" \/>\n<meta property=\"article:modified_time\" content=\"2020-07-07T14:40:37+00:00\" \/>\n<meta name=\"twitter:card\" content=\"summary_large_image\" \/>\n<meta name=\"twitter:label1\" content=\"Tiempo de lectura\" \/>\n\t<meta name=\"twitter:data1\" content=\"5 minutos\" \/>\n<script type=\"application\/ld+json\" class=\"yoast-schema-graph\">{\"@context\":\"https:\/\/schema.org\",\"@graph\":[{\"@type\":\"WebPage\",\"@id\":\"https:\/\/grupalfamedic.com\/especialitats\/cardiologia\/\",\"url\":\"https:\/\/grupalfamedic.com\/especialitats\/cardiologia\/\",\"name\":\"Cardiolog\u00eda - Alfamedic\",\"isPartOf\":{\"@id\":\"https:\/\/grupalfamedic.com\/#website\"},\"datePublished\":\"2020-06-30T09:45:55+00:00\",\"dateModified\":\"2020-07-07T14:40:37+00:00\",\"breadcrumb\":{\"@id\":\"https:\/\/grupalfamedic.com\/especialitats\/cardiologia\/#breadcrumb\"},\"inLanguage\":\"es\",\"potentialAction\":[{\"@type\":\"ReadAction\",\"target\":[\"https:\/\/grupalfamedic.com\/especialitats\/cardiologia\/\"]}]},{\"@type\":\"BreadcrumbList\",\"@id\":\"https:\/\/grupalfamedic.com\/especialitats\/cardiologia\/#breadcrumb\",\"itemListElement\":[{\"@type\":\"ListItem\",\"position\":1,\"name\":\"Inici\",\"item\":\"https:\/\/grupalfamedic.com\/\"},{\"@type\":\"ListItem\",\"position\":2,\"name\":\"Especialidades\",\"item\":\"https:\/\/grupalfamedic.com\/especialitats\/\"},{\"@type\":\"ListItem\",\"position\":3,\"name\":\"Cardiolog\u00eda\"}]},{\"@type\":\"WebSite\",\"@id\":\"https:\/\/grupalfamedic.com\/#website\",\"url\":\"https:\/\/grupalfamedic.com\/\",\"name\":\"Alfamedic\",\"description\":\"Cuidem de tu\",\"publisher\":{\"@id\":\"https:\/\/grupalfamedic.com\/#organization\"},\"potentialAction\":[{\"@type\":\"SearchAction\",\"target\":{\"@type\":\"EntryPoint\",\"urlTemplate\":\"https:\/\/grupalfamedic.com\/?s={search_term_string}\"},\"query-input\":{\"@type\":\"PropertyValueSpecification\",\"valueRequired\":true,\"valueName\":\"search_term_string\"}}],\"inLanguage\":\"es\"},{\"@type\":\"Organization\",\"@id\":\"https:\/\/grupalfamedic.com\/#organization\",\"name\":\"Grup Alfa M\u00e8dic\",\"url\":\"https:\/\/grupalfamedic.com\/\",\"logo\":{\"@type\":\"ImageObject\",\"inLanguage\":\"es\",\"@id\":\"https:\/\/grupalfamedic.com\/#\/schema\/logo\/image\/\",\"url\":\"https:\/\/grupalfamedic.com\/wp-content\/uploads\/2020\/06\/ms-icon-310x310-1.png\",\"contentUrl\":\"https:\/\/grupalfamedic.com\/wp-content\/uploads\/2020\/06\/ms-icon-310x310-1.png\",\"width\":310,\"height\":310,\"caption\":\"Grup Alfa M\u00e8dic\"},\"image\":{\"@id\":\"https:\/\/grupalfamedic.com\/#\/schema\/logo\/image\/\"}}]}<\/script>\n<!-- \/ Yoast SEO plugin. -->","yoast_head_json":{"title":"Cardiolog\u00eda - Alfamedic","robots":{"index":"index","follow":"follow","max-snippet":"max-snippet:-1","max-image-preview":"max-image-preview:large","max-video-preview":"max-video-preview:-1"},"canonical":"https:\/\/grupalfamedic.com\/especialitats\/cardiologia\/","og_locale":"es_ES","og_type":"article","og_title":"Cardiolog\u00eda - Alfamedic","og_description":"Cardiolog\u00edaCardiolog\u00eda La Cardiolog\u00eda es la parte de la Medicina que copa el marco de trabajo situado en el coraz\u00f3n y en el aparato vascular. Su finalidad b\u00e1sica es el estudio, diagn\u00f3stico, tratamiento y prevenci\u00f3n de las enfermedades cardiovasculares. El cardi\u00f3logo es el profesional de la Medicina con preparaci\u00f3n espec\u00edfica para asistir a pacientes con problemas [&hellip;]","og_url":"https:\/\/grupalfamedic.com\/especialitats\/cardiologia\/","og_site_name":"Alfamedic","article_modified_time":"2020-07-07T14:40:37+00:00","twitter_card":"summary_large_image","twitter_misc":{"Tiempo de lectura":"5 minutos"},"schema":{"@context":"https:\/\/schema.org","@graph":[{"@type":"WebPage","@id":"https:\/\/grupalfamedic.com\/especialitats\/cardiologia\/","url":"https:\/\/grupalfamedic.com\/especialitats\/cardiologia\/","name":"Cardiolog\u00eda - Alfamedic","isPartOf":{"@id":"https:\/\/grupalfamedic.com\/#website"},"datePublished":"2020-06-30T09:45:55+00:00","dateModified":"2020-07-07T14:40:37+00:00","breadcrumb":{"@id":"https:\/\/grupalfamedic.com\/especialitats\/cardiologia\/#breadcrumb"},"inLanguage":"es","potentialAction":[{"@type":"ReadAction","target":["https:\/\/grupalfamedic.com\/especialitats\/cardiologia\/"]}]},{"@type":"BreadcrumbList","@id":"https:\/\/grupalfamedic.com\/especialitats\/cardiologia\/#breadcrumb","itemListElement":[{"@type":"ListItem","position":1,"name":"Inici","item":"https:\/\/grupalfamedic.com\/"},{"@type":"ListItem","position":2,"name":"Especialidades","item":"https:\/\/grupalfamedic.com\/especialitats\/"},{"@type":"ListItem","position":3,"name":"Cardiolog\u00eda"}]},{"@type":"WebSite","@id":"https:\/\/grupalfamedic.com\/#website","url":"https:\/\/grupalfamedic.com\/","name":"Alfamedic","description":"Cuidem de tu","publisher":{"@id":"https:\/\/grupalfamedic.com\/#organization"},"potentialAction":[{"@type":"SearchAction","target":{"@type":"EntryPoint","urlTemplate":"https:\/\/grupalfamedic.com\/?s={search_term_string}"},"query-input":{"@type":"PropertyValueSpecification","valueRequired":true,"valueName":"search_term_string"}}],"inLanguage":"es"},{"@type":"Organization","@id":"https:\/\/grupalfamedic.com\/#organization","name":"Grup Alfa M\u00e8dic","url":"https:\/\/grupalfamedic.com\/","logo":{"@type":"ImageObject","inLanguage":"es","@id":"https:\/\/grupalfamedic.com\/#\/schema\/logo\/image\/","url":"https:\/\/grupalfamedic.com\/wp-content\/uploads\/2020\/06\/ms-icon-310x310-1.png","contentUrl":"https:\/\/grupalfamedic.com\/wp-content\/uploads\/2020\/06\/ms-icon-310x310-1.png","width":310,"height":310,"caption":"Grup Alfa M\u00e8dic"},"image":{"@id":"https:\/\/grupalfamedic.com\/#\/schema\/logo\/image\/"}}]}},"_links":{"self":[{"href":"https:\/\/grupalfamedic.com\/es\/wp-json\/wp\/v2\/pages\/2337","targetHints":{"allow":["GET"]}}],"collection":[{"href":"https:\/\/grupalfamedic.com\/es\/wp-json\/wp\/v2\/pages"}],"about":[{"href":"https:\/\/grupalfamedic.com\/es\/wp-json\/wp\/v2\/types\/page"}],"author":[{"embeddable":true,"href":"https:\/\/grupalfamedic.com\/es\/wp-json\/wp\/v2\/users\/1"}],"replies":[{"embeddable":true,"href":"https:\/\/grupalfamedic.com\/es\/wp-json\/wp\/v2\/comments?post=2337"}],"version-history":[{"count":2,"href":"https:\/\/grupalfamedic.com\/es\/wp-json\/wp\/v2\/pages\/2337\/revisions"}],"predecessor-version":[{"id":2522,"href":"https:\/\/grupalfamedic.com\/es\/wp-json\/wp\/v2\/pages\/2337\/revisions\/2522"}],"up":[{"embeddable":true,"href":"https:\/\/grupalfamedic.com\/es\/wp-json\/wp\/v2\/pages\/2331"}],"wp:attachment":[{"href":"https:\/\/grupalfamedic.com\/es\/wp-json\/wp\/v2\/media?parent=2337"}],"curies":[{"name":"wp","href":"https:\/\/api.w.org\/{rel}","templated":true}]}}